{"id":3060,"date":"2024-10-29T03:34:15","date_gmt":"2024-10-29T03:34:15","guid":{"rendered":"http:\/\/54.93.101.95\/data-subject-application-form\/"},"modified":"2024-10-29T03:34:15","modified_gmt":"2024-10-29T03:34:15","slug":"data-subject-application-form","status":"publish","type":"page","link":"https:\/\/blt.grungard.com\/en\/data-subject-application-form\/","title":{"rendered":"Data Subject Application Form"},"content":{"rendered":"<div id=\"content\" class=\"site-content \">\n<div class=\"site-content__wrap container\">\n<div class=\"row\">\n<div id=\"primary\" class=\"col-xs-12\">\n                  <main id=\"main\" class=\"site-main\"><\/p>\n<article id=\"post-2984\" class=\"post-2984 page type-page status-publish hentry\">\n<div class=\"page-content\">\n<p>You can contact us through the channels available on our &#8220;<a href=\"https:\/\/www.grungard.com\/en\/contact\/\">Contact<\/a>&#8221; page to send us your requests regarding your data in our system.<\/p>\n<p>If you wish, you can download <a href=\"https:\/\/www.grungard.com\/wp-content\/uploads\/Veri-Sahibi-Basvuru-Formu.pdf\">the Gr\u00fcngard &#8211; Data Owner Application Form<\/a>and send it to us through the official channels listed in the form.<\/p>\n<\/div>\n<\/article>\n<p>                  <\/main>\n                <\/div><\/div><\/div><\/div>\n","protected":false},"excerpt":{"rendered":"<p>You can contact us through the channels available on our &#8220;Contact&#8221; page to send us your requests regarding your data<\/p>\n","protected":false},"author":2,"featured_media":0,"parent":0,"menu_order":0,"comment_status":"closed","ping_status":"closed","template":"","meta":{"footnotes":""},"class_list":["post-3060","page","type-page","status-publish","hentry"],"yoast_head":"<!-- This site is optimized with the Yoast SEO Premium plugin v26.6 (Yoast SEO v27.5) - https:\/\/yoast.com\/product\/yoast-seo-premium-wordpress\/ -->\n<title>Data Subject Application Form - Gr\u00fcngard<\/title>\n<meta name=\"robots\" content=\"index, follow, max-snippet:-1, max-image-preview:large, max-video-preview:-1\" \/>\n<link rel=\"canonical\" href=\"https:\/\/blt.grungard.com\/en\/data-subject-application-form\/\" \/>\n<meta property=\"og:locale\" content=\"en_US\" \/>\n<meta property=\"og:type\" content=\"article\" \/>\n<meta property=\"og:title\" content=\"Data Subject Application Form\" \/>\n<meta property=\"og:description\" content=\"You can contact us through the channels available on our &#8220;Contact&#8221; page to send us your requests regarding your data\" \/>\n<meta property=\"og:url\" content=\"https:\/\/blt.grungard.com\/en\/data-subject-application-form\/\" \/>\n<meta property=\"og:site_name\" content=\"Gr\u00fcngard\" \/>\n<meta property=\"article:publisher\" content=\"https:\/\/www.facebook.com\/GrungardTR\" \/>\n<meta name=\"twitter:card\" content=\"summary_large_image\" \/>\n<meta name=\"twitter:site\" content=\"@GrungardTR\" \/>\n<script type=\"application\/ld+json\" class=\"yoast-schema-graph\">{\"@context\":\"https:\\\/\\\/schema.org\",\"@graph\":[{\"@type\":\"WebPage\",\"@id\":\"https:\\\/\\\/blt.grungard.com\\\/en\\\/data-subject-application-form\\\/\",\"url\":\"https:\\\/\\\/blt.grungard.com\\\/en\\\/data-subject-application-form\\\/\",\"name\":\"Data Subject Application Form - Gr\u00fcngard\",\"isPartOf\":{\"@id\":\"https:\\\/\\\/grungard.com.tr\\\/#website\"},\"datePublished\":\"2024-10-29T03:34:15+00:00\",\"breadcrumb\":{\"@id\":\"https:\\\/\\\/blt.grungard.com\\\/en\\\/data-subject-application-form\\\/#breadcrumb\"},\"inLanguage\":\"en-US\",\"potentialAction\":[{\"@type\":\"ReadAction\",\"target\":[\"https:\\\/\\\/blt.grungard.com\\\/en\\\/data-subject-application-form\\\/\"]}]},{\"@type\":\"BreadcrumbList\",\"@id\":\"https:\\\/\\\/blt.grungard.com\\\/en\\\/data-subject-application-form\\\/#breadcrumb\",\"itemListElement\":[{\"@type\":\"ListItem\",\"position\":1,\"name\":\"Home\",\"item\":\"https:\\\/\\\/grungard.com.tr\\\/en\\\/\"},{\"@type\":\"ListItem\",\"position\":2,\"name\":\"Data Subject Application Form\"}]},{\"@type\":\"WebSite\",\"@id\":\"https:\\\/\\\/grungard.com.tr\\\/#website\",\"url\":\"https:\\\/\\\/grungard.com.tr\\\/\",\"name\":\"Gr\u00fcngard\",\"description\":\"Ak\u0131ll\u0131 Sulama Kontrol Sistemleri\",\"publisher\":{\"@id\":\"https:\\\/\\\/grungard.com.tr\\\/#organization\"},\"potentialAction\":[{\"@type\":\"SearchAction\",\"target\":{\"@type\":\"EntryPoint\",\"urlTemplate\":\"https:\\\/\\\/grungard.com.tr\\\/?s={search_term_string}\"},\"query-input\":{\"@type\":\"PropertyValueSpecification\",\"valueRequired\":true,\"valueName\":\"search_term_string\"}}],\"inLanguage\":\"en-US\"},{\"@type\":\"Organization\",\"@id\":\"https:\\\/\\\/grungard.com.tr\\\/#organization\",\"name\":\"Gr\u00fcngard\",\"url\":\"https:\\\/\\\/grungard.com.tr\\\/\",\"logo\":{\"@type\":\"ImageObject\",\"inLanguage\":\"en-US\",\"@id\":\"https:\\\/\\\/grungard.com.tr\\\/#\\\/schema\\\/logo\\\/image\\\/\",\"url\":\"https:\\\/\\\/grungard.com\\\/wp-content\\\/uploads\\\/Grungard_logo_ok.jpg\",\"contentUrl\":\"https:\\\/\\\/grungard.com\\\/wp-content\\\/uploads\\\/Grungard_logo_ok.jpg\",\"width\":439,\"height\":123,\"caption\":\"Gr\u00fcngard\"},\"image\":{\"@id\":\"https:\\\/\\\/grungard.com.tr\\\/#\\\/schema\\\/logo\\\/image\\\/\"},\"sameAs\":[\"https:\\\/\\\/www.facebook.com\\\/GrungardTR\",\"https:\\\/\\\/x.com\\\/GrungardTR\",\"https:\\\/\\\/www.linkedin.com\\\/company\\\/grngard\\\/\",\"https:\\\/\\\/www.instagram.com\\\/grungard_tr\"]}]}<\/script>\n<!-- \/ Yoast SEO Premium plugin. -->","yoast_head_json":{"title":"Data Subject Application Form - Gr\u00fcngard","robots":{"index":"index","follow":"follow","max-snippet":"max-snippet:-1","max-image-preview":"max-image-preview:large","max-video-preview":"max-video-preview:-1"},"canonical":"https:\/\/blt.grungard.com\/en\/data-subject-application-form\/","og_locale":"en_US","og_type":"article","og_title":"Data Subject Application Form","og_description":"You can contact us through the channels available on our &#8220;Contact&#8221; page to send us your requests regarding your data","og_url":"https:\/\/blt.grungard.com\/en\/data-subject-application-form\/","og_site_name":"Gr\u00fcngard","article_publisher":"https:\/\/www.facebook.com\/GrungardTR","twitter_card":"summary_large_image","twitter_site":"@GrungardTR","schema":{"@context":"https:\/\/schema.org","@graph":[{"@type":"WebPage","@id":"https:\/\/blt.grungard.com\/en\/data-subject-application-form\/","url":"https:\/\/blt.grungard.com\/en\/data-subject-application-form\/","name":"Data Subject Application Form - Gr\u00fcngard","isPartOf":{"@id":"https:\/\/grungard.com.tr\/#website"},"datePublished":"2024-10-29T03:34:15+00:00","breadcrumb":{"@id":"https:\/\/blt.grungard.com\/en\/data-subject-application-form\/#breadcrumb"},"inLanguage":"en-US","potentialAction":[{"@type":"ReadAction","target":["https:\/\/blt.grungard.com\/en\/data-subject-application-form\/"]}]},{"@type":"BreadcrumbList","@id":"https:\/\/blt.grungard.com\/en\/data-subject-application-form\/#breadcrumb","itemListElement":[{"@type":"ListItem","position":1,"name":"Home","item":"https:\/\/grungard.com.tr\/en\/"},{"@type":"ListItem","position":2,"name":"Data Subject Application Form"}]},{"@type":"WebSite","@id":"https:\/\/grungard.com.tr\/#website","url":"https:\/\/grungard.com.tr\/","name":"Gr\u00fcngard","description":"Ak\u0131ll\u0131 Sulama Kontrol Sistemleri","publisher":{"@id":"https:\/\/grungard.com.tr\/#organization"},"potentialAction":[{"@type":"SearchAction","target":{"@type":"EntryPoint","urlTemplate":"https:\/\/grungard.com.tr\/?s={search_term_string}"},"query-input":{"@type":"PropertyValueSpecification","valueRequired":true,"valueName":"search_term_string"}}],"inLanguage":"en-US"},{"@type":"Organization","@id":"https:\/\/grungard.com.tr\/#organization","name":"Gr\u00fcngard","url":"https:\/\/grungard.com.tr\/","logo":{"@type":"ImageObject","inLanguage":"en-US","@id":"https:\/\/grungard.com.tr\/#\/schema\/logo\/image\/","url":"https:\/\/grungard.com\/wp-content\/uploads\/Grungard_logo_ok.jpg","contentUrl":"https:\/\/grungard.com\/wp-content\/uploads\/Grungard_logo_ok.jpg","width":439,"height":123,"caption":"Gr\u00fcngard"},"image":{"@id":"https:\/\/grungard.com.tr\/#\/schema\/logo\/image\/"},"sameAs":["https:\/\/www.facebook.com\/GrungardTR","https:\/\/x.com\/GrungardTR","https:\/\/www.linkedin.com\/company\/grngard\/","https:\/\/www.instagram.com\/grungard_tr"]}]}},"_links":{"self":[{"href":"https:\/\/blt.grungard.com\/en\/wp-json\/wp\/v2\/pages\/3060","targetHints":{"allow":["GET"]}}],"collection":[{"href":"https:\/\/blt.grungard.com\/en\/wp-json\/wp\/v2\/pages"}],"about":[{"href":"https:\/\/blt.grungard.com\/en\/wp-json\/wp\/v2\/types\/page"}],"author":[{"embeddable":true,"href":"https:\/\/blt.grungard.com\/en\/wp-json\/wp\/v2\/users\/2"}],"replies":[{"embeddable":true,"href":"https:\/\/blt.grungard.com\/en\/wp-json\/wp\/v2\/comments?post=3060"}],"version-history":[{"count":0,"href":"https:\/\/blt.grungard.com\/en\/wp-json\/wp\/v2\/pages\/3060\/revisions"}],"wp:attachment":[{"href":"https:\/\/blt.grungard.com\/en\/wp-json\/wp\/v2\/media?parent=3060"}],"curies":[{"name":"wp","href":"https:\/\/api.w.org\/{rel}","templated":true}]}}