{"id":3053,"date":"2024-10-29T03:15:01","date_gmt":"2024-10-29T03:15:01","guid":{"rendered":"http:\/\/54.93.101.95\/kvkk-clarification-text\/"},"modified":"2024-10-29T17:33:19","modified_gmt":"2024-10-29T17:33:19","slug":"kvkk-clarification-text","status":"publish","type":"page","link":"https:\/\/blt.grungard.com\/en\/kvkk-clarification-text\/","title":{"rendered":"KVKK Clarification Text"},"content":{"rendered":"<h2><b>Clarification Text Regarding the Processing of Personal Data<\/b><\/h2>\n<p><b>Data Controller : <\/b><span style=\"font-weight: 400;\">Smart Electronics Inc.<\/span><\/p>\n<p><span style=\"font-weight: 400;\">Within the framework of the Law No. 6698 on the Protection of Personal Data (&#8220;KVKK&#8221;) and the relevant legislation and our work arising from legal regulations, we, as Ak\u0131ll\u0131 Elektronik A.\u015e., have prepared this Clarification Text on the Processing of Personal Data (&#8220;Clarification Text&#8221;) in order to enlighten the data subjects regarding the processing, storage and transfer of personal data.<\/span><\/p>\n<p><span style=\"font-weight: 400;\">The Clarification Text shall be valid as of the date of its publication. The Clarification Text may be amended at any time if necessary. The amendments to be made shall be deemed to have made the Clarification Text &#8221;  <\/span><a href=\"http:\/\/www.grungard.com\"><span style=\"font-weight: 400;\">www.grungard.com<\/span><\/a><span style=\"font-weight: 400;\">&#8221; address, it becomes valid when it starts to be published at the address. Everyone who uses the site, mobile application is deemed to have accepted this. <\/span><\/p>\n<h2><b>Consent Text Regarding the Processing of Personal Data<\/b><\/h2>\n<p><span style=\"font-weight: 400;\">We would like to inform you about the activities carried out by Ak\u0131ll\u0131 Elektronik A.\u015e. through the website &#8220;www.grungard.com&#8221;. There is no membership requirement to shop from www.grungard.com, which is a direct sales and electronic commerce website. Membership is not a prerequisite for purchasing products and shopping on our website. Unlike the option to shop without being a member, the membership option is designed for users who wish to automatically fill in their data for repeat purchases for customers who wish. In order to benefit from these facilities and advantages, some of your personal data may need to be processed for the purposes specified as detailed below, shared with our contracted professional business partners and recorded in our programs and\/or systems provided by our stakeholders in the field of technology.<\/span><\/p>\n<p><span style=\"font-weight: 400;\">Some of your personal data that need to be processed in order to ensure the satisfaction of our customers; Since it is not within the scope of the data processing conditions in the Personal Data Protection Law that are not subject to consent, it is only subject to the explicit consent of our customers. If you do not want to give consent, you can shop as you wish without being a member of our site with the &#8220;Continue Without Opening an Account&#8221; option. <\/span><\/p>\n<p><b>Your Rights Regarding Processed Personal Data:<\/b><\/p>\n<p><span style=\"font-weight: 400;\">Within the scope of Article 11 of the KVKK; <\/span><\/p>\n<ul>\n<li style=\"font-weight: 400;\" aria-level=\"1\"><span style=\"font-weight: 400;\">Learn whether your personal data is being processed,<\/span><\/li>\n<li style=\"font-weight: 400;\" aria-level=\"1\"><span style=\"font-weight: 400;\">Request information if your personal data has been processed,<\/span><\/li>\n<li style=\"font-weight: 400;\" aria-level=\"1\"><span style=\"font-weight: 400;\">To learn the purpose of processing your personal data and whether they are used in accordance with their purpose,<\/span><\/li>\n<li style=\"font-weight: 400;\" aria-level=\"1\"><span style=\"font-weight: 400;\">To know the third parties to whom your personal data is transferred domestically or abroad,<\/span><\/li>\n<li style=\"font-weight: 400;\" aria-level=\"1\"><span style=\"font-weight: 400;\">To request correction of your personal data in case of incomplete or incorrect processing,<\/span><\/li>\n<li style=\"font-weight: 400;\" aria-level=\"1\"><span style=\"font-weight: 400;\">To request the deletion or destruction of your personal data within the framework of the conditions stipulated in the KVKK legislation,<\/span><\/li>\n<li style=\"font-weight: 400;\" aria-level=\"1\"><span style=\"font-weight: 400;\">When you request the correction of your incomplete or inaccurate data and the deletion or destruction of your personal data, to request that this situation be notified to third parties to whom your personal data has been transferred,<\/span><\/li>\n<li style=\"font-weight: 400;\" aria-level=\"1\"><span style=\"font-weight: 400;\">To object to the result in case an unfavorable result arises by analyzing your processed data exclusively through automated systems and<\/span><\/li>\n<li style=\"font-weight: 400;\" aria-level=\"1\"><span style=\"font-weight: 400;\">In the event that your personal data is damaged due to unlawful processing of your personal data, to demand the compensation of this damage,<\/span><\/li>\n<\/ul>\n<p><span style=\"font-weight: 400;\">you have the right<\/span><\/p>\n<p><span style=\"font-weight: 400;\">By clicking the &#8220;create my account&#8221; button on the product purchase page, you will be accepting that you explicitly consent to the processing of all your personal data above, limited to the specified processing purposes, without being under any pressure.<\/span><\/p>\n<p><b>For what purpose is your personal data processed?  <\/b><\/p>\n<p><span style=\"font-weight: 400;\">Your personal data may be processed by ThinTells Ltd. as the data controller in accordance with the Personal Data Protection Law No. 6698 (&#8220;Law&#8221;) within the scope described below.  <\/span><\/p>\n<ul>\n<li style=\"font-weight: 400;\" aria-level=\"1\"><span style=\"font-weight: 400;\">Provision of products and services and after-sales support services,  <\/span><\/li>\n<li style=\"font-weight: 400;\" aria-level=\"1\"><span style=\"font-weight: 400;\">Creating a customer card for the provision of services,  <\/span><\/li>\n<li style=\"font-weight: 400;\" aria-level=\"1\"><span style=\"font-weight: 400;\">Execution of customer relations processes,  <\/span><\/li>\n<li style=\"font-weight: 400;\" aria-level=\"1\"><span style=\"font-weight: 400;\">Management of communication channels,  <\/span><\/li>\n<li style=\"font-weight: 400;\" aria-level=\"1\"><span style=\"font-weight: 400;\">Realization of appointment, on-site promotion and sales processes,  <\/span><\/li>\n<li style=\"font-weight: 400;\" aria-level=\"1\"><span style=\"font-weight: 400;\">Realization of campaigns, sweepstakes and competitions,  <\/span><\/li>\n<li style=\"font-weight: 400;\" aria-level=\"1\"><span style=\"font-weight: 400;\">Evaluation of your requests and complaints,  <\/span><\/li>\n<li style=\"font-weight: 400;\" aria-level=\"1\"><span style=\"font-weight: 400;\">Organizing events and trainings and identifying participants,  <\/span><\/li>\n<li style=\"font-weight: 400;\" aria-level=\"1\"><span style=\"font-weight: 400;\">Execution of authorized service processes,  <\/span><\/li>\n<li style=\"font-weight: 400;\" aria-level=\"1\"><span style=\"font-weight: 400;\">Increasing customer satisfaction, measuring and improving brand perception,<\/span><\/li>\n<li style=\"font-weight: 400;\" aria-level=\"1\"><span style=\"font-weight: 400;\">Carrying out the necessary work by our relevant business units for the realization of the commercial activities carried out by our Company and carrying out the related business processes,  <\/span><\/li>\n<\/ul>\n<p><span style=\"font-weight: 400;\">purposes and within the scope of the legal reasons specified in Article 5 of the Law.   <\/span><\/p>\n<p><b>For what purpose is your personal data processed in case of your explicit consent?  <\/b><\/p>\n<p><span style=\"font-weight: 400;\">Your collected personal data may be processed within the scope of your explicit consent for the purposes of conducting campaigns, sweepstakes and competitions, increasing customer satisfaction, measuring and improving brand perception, conducting market research and survey processes, customizing the products and services offered by the Company according to your tastes, usage habits and needs, and sending advertisements, promotions, campaigns and similar messages to the communication channel you share that you prefer to be contacted in this context and sharing them with third parties that we receive services for this purpose.<\/span><\/p>\n<p><b>To whom and for what purposes can your personal data be transferred?<\/b><span style=\"font-weight: 400;\"> <\/span><\/p>\n<p><span style=\"font-weight: 400;\">Your collected personal data may be transferred to our dealers, suppliers, legally authorized public institutions and private legal entities within the framework of the personal data processing conditions specified in Article 8 of the Law in line with the realization of the above-mentioned purposes.   <\/span><\/p>\n<p><b>What is the Method and Legal Reason for Collecting Your Personal Data?  <\/b><\/p>\n<p><span style=\"font-weight: 400;\">Your personal data are collected and processed for the following legal reasons in electronic environment through the website, call center, mobile application, social media, telephone, in-house systems and in physical environment through dealers and authorized dealers\/services where you will come into contact with our Company;  <\/span><\/p>\n<p><span style=\"font-weight: 400;\">Products and services and after-sales service<\/span><\/p>\n<p><span style=\"font-weight: 400;\">based on the legal grounds of provision of support services and provision of services and performance of the contract,  <\/span><\/p>\n<p><span style=\"font-weight: 400;\">Based on the legal reason that data processing is mandatory for the establishment, exercise or protection of a right in order to evaluate your requests and complaints,  <\/span><\/p>\n<p><span style=\"font-weight: 400;\">In case you give your explicit consent, conducting campaigns, sweepstakes and competitions, increasing customer satisfaction, conducting customer relations processes, conducting necessary studies by our relevant business units for the realization of commercial activities carried out by our Company and carrying out related business processes, organizing events and trainings and determining participants, managing communication channels, measuring and improving brand perception, conducting market research and survey processes, providing gifts with reference,  <\/span><\/p>\n<p><span style=\"font-weight: 400;\">It can be processed based on the legal reason of explicit consent for the purposes of customizing the products and services offered by the Company according to your tastes, usage habits and needs and sending advertisements, promotions, campaigns and similar messages to the communication channel you share that you prefer to be contacted in this context.<\/span><\/p>\n<p><b>  What are your rights as a Data Subject?  <\/b><\/p>\n<p><span style=\"font-weight: 400;\">As a Data Subject, we hereby inform you that you have the following rights pursuant to Article 11 of the Law:   <\/span><\/p>\n<ol>\n<li style=\"font-weight: 400;\" aria-level=\"1\"><span style=\"font-weight: 400;\">Learn whether personal data is being processed,  <\/span><\/li>\n<li style=\"font-weight: 400;\" aria-level=\"1\"><span style=\"font-weight: 400;\">Request information if their personal data has been processed,  <\/span><\/li>\n<li style=\"font-weight: 400;\" aria-level=\"1\"><span style=\"font-weight: 400;\">To learn the purpose of processing personal data and whether they are used for their intended purpose,  <\/span><\/li>\n<li style=\"font-weight: 400;\" aria-level=\"1\"><span style=\"font-weight: 400;\">To know the third parties to whom personal data are transferred domestically or abroad,  <\/span><\/li>\n<li style=\"font-weight: 400;\" aria-level=\"1\"><span style=\"font-weight: 400;\">To request correction of personal data in case of incomplete or incorrect processing and to request notification of the transaction made within this scope to third parties to whom personal data is transferred,  <\/span><\/li>\n<li style=\"font-weight: 400;\" aria-level=\"1\"><span style=\"font-weight: 400;\">Although it has been processed in accordance with the provisions of the Law and other relevant laws, to request the deletion or destruction of personal data in the event that the reasons requiring its processing disappear and to request notification of the transaction made within this scope to third parties to whom personal data is transferred,  <\/span><\/li>\n<li style=\"font-weight: 400;\" aria-level=\"1\"><span style=\"font-weight: 400;\">To object to the emergence of a result to the detriment of the person himself\/herself by analyzing the processed data exclusively through automated systems,  <\/span><\/li>\n<li style=\"font-weight: 400;\" aria-level=\"1\"><span style=\"font-weight: 400;\">In case of damage due to unlawful processing of personal data, to demand compensation for the damage.  <\/span><\/li>\n<\/ol>\n<p><span style=\"font-weight: 400;\">You can submit your applications for your rights listed above to our Company by filling out the Data Owner Application Form available at www.grungard.com\/yasalmetinler\/aydinlatmametni. Depending on the nature of your request, your applications will be finalized free of charge as soon as possible and within thirty days at the latest; however, if the transaction requires an additional cost, you may be charged a fee according to the tariff to be determined by the Personal Data Protection Board. <\/span><\/p>\n","protected":false},"excerpt":{"rendered":"<p>Clarification Text Regarding the Processing of Personal Data Data Controller : Smart Electronics Inc. Within the framework of the Law<\/p>\n","protected":false},"author":2,"featured_media":0,"parent":0,"menu_order":0,"comment_status":"closed","ping_status":"closed","template":"","meta":{"footnotes":""},"class_list":["post-3053","page","type-page","status-publish","hentry"],"yoast_head":"<!-- This site is optimized with the Yoast SEO Premium plugin v26.6 (Yoast SEO v27.5) - https:\/\/yoast.com\/product\/yoast-seo-premium-wordpress\/ -->\n<title>KVKK Clarification Text - Gr\u00fcngard<\/title>\n<meta name=\"robots\" content=\"index, follow, max-snippet:-1, max-image-preview:large, max-video-preview:-1\" \/>\n<link rel=\"canonical\" href=\"https:\/\/blt.grungard.com\/en\/kvkk-clarification-text\/\" \/>\n<meta property=\"og:locale\" content=\"en_US\" \/>\n<meta property=\"og:type\" content=\"article\" \/>\n<meta property=\"og:title\" content=\"KVKK Clarification Text\" \/>\n<meta property=\"og:description\" content=\"Clarification Text Regarding the Processing of Personal Data Data Controller : Smart Electronics Inc. Within the framework of the Law\" \/>\n<meta property=\"og:url\" content=\"https:\/\/blt.grungard.com\/en\/kvkk-clarification-text\/\" \/>\n<meta property=\"og:site_name\" content=\"Gr\u00fcngard\" \/>\n<meta property=\"article:publisher\" content=\"https:\/\/www.facebook.com\/GrungardTR\" \/>\n<meta property=\"article:modified_time\" content=\"2024-10-29T17:33:19+00:00\" \/>\n<meta name=\"twitter:card\" content=\"summary_large_image\" \/>\n<meta name=\"twitter:site\" content=\"@GrungardTR\" \/>\n<meta name=\"twitter:label1\" content=\"Est. reading time\" \/>\n\t<meta name=\"twitter:data1\" content=\"7 minutes\" \/>\n<script type=\"application\/ld+json\" class=\"yoast-schema-graph\">{\"@context\":\"https:\\\/\\\/schema.org\",\"@graph\":[{\"@type\":\"WebPage\",\"@id\":\"https:\\\/\\\/blt.grungard.com\\\/en\\\/kvkk-clarification-text\\\/\",\"url\":\"https:\\\/\\\/blt.grungard.com\\\/en\\\/kvkk-clarification-text\\\/\",\"name\":\"KVKK Clarification Text - Gr\u00fcngard\",\"isPartOf\":{\"@id\":\"https:\\\/\\\/tr.grungard.com\\\/#website\"},\"datePublished\":\"2024-10-29T03:15:01+00:00\",\"dateModified\":\"2024-10-29T17:33:19+00:00\",\"breadcrumb\":{\"@id\":\"https:\\\/\\\/blt.grungard.com\\\/en\\\/kvkk-clarification-text\\\/#breadcrumb\"},\"inLanguage\":\"en-US\",\"potentialAction\":[{\"@type\":\"ReadAction\",\"target\":[\"https:\\\/\\\/blt.grungard.com\\\/en\\\/kvkk-clarification-text\\\/\"]}]},{\"@type\":\"BreadcrumbList\",\"@id\":\"https:\\\/\\\/blt.grungard.com\\\/en\\\/kvkk-clarification-text\\\/#breadcrumb\",\"itemListElement\":[{\"@type\":\"ListItem\",\"position\":1,\"name\":\"Home\",\"item\":\"https:\\\/\\\/ec2-3-124-22-236.eu-central-1.compute.amazonaws.com\\\/en\\\/\"},{\"@type\":\"ListItem\",\"position\":2,\"name\":\"KVKK Clarification Text\"}]},{\"@type\":\"WebSite\",\"@id\":\"https:\\\/\\\/tr.grungard.com\\\/#website\",\"url\":\"https:\\\/\\\/tr.grungard.com\\\/\",\"name\":\"Gr\u00fcngard\",\"description\":\"Ak\u0131ll\u0131 Sulama Kontrol Sistemleri\",\"publisher\":{\"@id\":\"https:\\\/\\\/tr.grungard.com\\\/#organization\"},\"potentialAction\":[{\"@type\":\"SearchAction\",\"target\":{\"@type\":\"EntryPoint\",\"urlTemplate\":\"https:\\\/\\\/tr.grungard.com\\\/?s={search_term_string}\"},\"query-input\":{\"@type\":\"PropertyValueSpecification\",\"valueRequired\":true,\"valueName\":\"search_term_string\"}}],\"inLanguage\":\"en-US\"},{\"@type\":\"Organization\",\"@id\":\"https:\\\/\\\/tr.grungard.com\\\/#organization\",\"name\":\"Gr\u00fcngard\",\"url\":\"https:\\\/\\\/tr.grungard.com\\\/\",\"logo\":{\"@type\":\"ImageObject\",\"inLanguage\":\"en-US\",\"@id\":\"https:\\\/\\\/tr.grungard.com\\\/#\\\/schema\\\/logo\\\/image\\\/\",\"url\":\"https:\\\/\\\/grungard.com\\\/wp-content\\\/uploads\\\/Grungard_logo_ok.jpg\",\"contentUrl\":\"https:\\\/\\\/grungard.com\\\/wp-content\\\/uploads\\\/Grungard_logo_ok.jpg\",\"width\":439,\"height\":123,\"caption\":\"Gr\u00fcngard\"},\"image\":{\"@id\":\"https:\\\/\\\/tr.grungard.com\\\/#\\\/schema\\\/logo\\\/image\\\/\"},\"sameAs\":[\"https:\\\/\\\/www.facebook.com\\\/GrungardTR\",\"https:\\\/\\\/x.com\\\/GrungardTR\",\"https:\\\/\\\/www.linkedin.com\\\/company\\\/grngard\\\/\",\"https:\\\/\\\/www.instagram.com\\\/grungard_tr\"]}]}<\/script>\n<!-- \/ Yoast SEO Premium plugin. -->","yoast_head_json":{"title":"KVKK Clarification Text - Gr\u00fcngard","robots":{"index":"index","follow":"follow","max-snippet":"max-snippet:-1","max-image-preview":"max-image-preview:large","max-video-preview":"max-video-preview:-1"},"canonical":"https:\/\/blt.grungard.com\/en\/kvkk-clarification-text\/","og_locale":"en_US","og_type":"article","og_title":"KVKK Clarification Text","og_description":"Clarification Text Regarding the Processing of Personal Data Data Controller : Smart Electronics Inc. Within the framework of the Law","og_url":"https:\/\/blt.grungard.com\/en\/kvkk-clarification-text\/","og_site_name":"Gr\u00fcngard","article_publisher":"https:\/\/www.facebook.com\/GrungardTR","article_modified_time":"2024-10-29T17:33:19+00:00","twitter_card":"summary_large_image","twitter_site":"@GrungardTR","twitter_misc":{"Est. reading time":"7 minutes"},"schema":{"@context":"https:\/\/schema.org","@graph":[{"@type":"WebPage","@id":"https:\/\/blt.grungard.com\/en\/kvkk-clarification-text\/","url":"https:\/\/blt.grungard.com\/en\/kvkk-clarification-text\/","name":"KVKK Clarification Text - Gr\u00fcngard","isPartOf":{"@id":"https:\/\/tr.grungard.com\/#website"},"datePublished":"2024-10-29T03:15:01+00:00","dateModified":"2024-10-29T17:33:19+00:00","breadcrumb":{"@id":"https:\/\/blt.grungard.com\/en\/kvkk-clarification-text\/#breadcrumb"},"inLanguage":"en-US","potentialAction":[{"@type":"ReadAction","target":["https:\/\/blt.grungard.com\/en\/kvkk-clarification-text\/"]}]},{"@type":"BreadcrumbList","@id":"https:\/\/blt.grungard.com\/en\/kvkk-clarification-text\/#breadcrumb","itemListElement":[{"@type":"ListItem","position":1,"name":"Home","item":"https:\/\/ec2-3-124-22-236.eu-central-1.compute.amazonaws.com\/en\/"},{"@type":"ListItem","position":2,"name":"KVKK Clarification Text"}]},{"@type":"WebSite","@id":"https:\/\/tr.grungard.com\/#website","url":"https:\/\/tr.grungard.com\/","name":"Gr\u00fcngard","description":"Ak\u0131ll\u0131 Sulama Kontrol Sistemleri","publisher":{"@id":"https:\/\/tr.grungard.com\/#organization"},"potentialAction":[{"@type":"SearchAction","target":{"@type":"EntryPoint","urlTemplate":"https:\/\/tr.grungard.com\/?s={search_term_string}"},"query-input":{"@type":"PropertyValueSpecification","valueRequired":true,"valueName":"search_term_string"}}],"inLanguage":"en-US"},{"@type":"Organization","@id":"https:\/\/tr.grungard.com\/#organization","name":"Gr\u00fcngard","url":"https:\/\/tr.grungard.com\/","logo":{"@type":"ImageObject","inLanguage":"en-US","@id":"https:\/\/tr.grungard.com\/#\/schema\/logo\/image\/","url":"https:\/\/grungard.com\/wp-content\/uploads\/Grungard_logo_ok.jpg","contentUrl":"https:\/\/grungard.com\/wp-content\/uploads\/Grungard_logo_ok.jpg","width":439,"height":123,"caption":"Gr\u00fcngard"},"image":{"@id":"https:\/\/tr.grungard.com\/#\/schema\/logo\/image\/"},"sameAs":["https:\/\/www.facebook.com\/GrungardTR","https:\/\/x.com\/GrungardTR","https:\/\/www.linkedin.com\/company\/grngard\/","https:\/\/www.instagram.com\/grungard_tr"]}]}},"_links":{"self":[{"href":"https:\/\/blt.grungard.com\/en\/wp-json\/wp\/v2\/pages\/3053","targetHints":{"allow":["GET"]}}],"collection":[{"href":"https:\/\/blt.grungard.com\/en\/wp-json\/wp\/v2\/pages"}],"about":[{"href":"https:\/\/blt.grungard.com\/en\/wp-json\/wp\/v2\/types\/page"}],"author":[{"embeddable":true,"href":"https:\/\/blt.grungard.com\/en\/wp-json\/wp\/v2\/users\/2"}],"replies":[{"embeddable":true,"href":"https:\/\/blt.grungard.com\/en\/wp-json\/wp\/v2\/comments?post=3053"}],"version-history":[{"count":1,"href":"https:\/\/blt.grungard.com\/en\/wp-json\/wp\/v2\/pages\/3053\/revisions"}],"predecessor-version":[{"id":3074,"href":"https:\/\/blt.grungard.com\/en\/wp-json\/wp\/v2\/pages\/3053\/revisions\/3074"}],"wp:attachment":[{"href":"https:\/\/blt.grungard.com\/en\/wp-json\/wp\/v2\/media?parent=3053"}],"curies":[{"name":"wp","href":"https:\/\/api.w.org\/{rel}","templated":true}]}}